{"id":37,"date":"2015-01-29T15:19:55","date_gmt":"2015-01-29T15:19:55","guid":{"rendered":"http:\/\/trailtech-mountainbike-harz.de.w006f846.kasserver.com\/einharzfuermtb-blog\/?page_id=37"},"modified":"2018-05-24T17:24:02","modified_gmt":"2018-05-24T17:24:02","slug":"impressum","status":"publish","type":"page","link":"https:\/\/einharzfuermtb.de\/?page_id=37","title":{"rendered":"Impressum"},"content":{"rendered":"<section class=\"ce_text block\">\n<p class=\"bodytext\"><strong>Ein Harz f\u00fcr MTB<\/strong><\/p>\n<p class=\"bodytext\">Jan Marc Zander<\/p>\n<p class=\"bodytext\">Auf dem Berge 8<br \/>\n37136 Waake<\/p>\n<p class=\"bodytext\">phone: 05507-979161<br \/>\nmobil: 0176-965 818 91<br \/>\nmail: <a title=\"Schreib uns!\" href=\"mailto:info@trailtech.de\">info(at)trailtech.de<\/a><br \/>\n<a title=\"trailtech\" href=\"http:\/\/www.trailtech.de\/\">www.trailtech.de<\/a><br \/>\n<a href=\"http:\/\/www.ridethemountain.de\/\">www.ridethemountain.de<\/a><br \/>\n<a href=\"http:\/\/www.einharzfuermtb.de\">www.einharzfuermtb.de<\/a><\/p>\n<p class=\"bodytext\">USt-IdNr: DE246177148<\/p>\n<p class=\"bodytext\"><strong>THEME\u00a0DESIGN:<br \/>\n<\/strong>SOLO PINE,\u00a0<a href=\"http:\/\/solopine.com\/\">solopine.com<\/a><\/p>\n<p class=\"bodytext\"><strong>UMSETZUNG &amp; ANPASSUNG:<\/strong><\/p>\n<p class=\"bodytext\">Sven Frank<\/p>\n<p class=\"bodytext\"><strong>FOTOS:<br \/>\n<\/strong>Paul Masukowitz\u00a0&#8211; <a href=\"http:\/\/paul-masukowitz.de\/\">paul-masukowitz.de<\/a><a href=\"http:\/\/www.apix.ch\/\"><br \/>\n<\/a>Jan Zander, Trailtech Mountainbiking<\/p>\n<p class=\"bodytext\"><strong>HAFTUNGSHINWEIS:<br \/>\n<\/strong>Trotz sorgf\u00e4ltiger Kontrolle \u00fcbernehmen wir keine Haftung f\u00fcr die Inhalte externer Links. F\u00fcr den Inhalt der verlinkten Seiten sind ausschlie\u00dflich deren Betreiber verantwortlich!<\/p>\n<\/section>\n<p><strong>WEITERE INFORMATIONEN:<\/strong><br \/>\nHier finden Sie weitere Informationen zu unserem <a href=\"http:\/\/einharzfuermtb.de\/?page_id=296\">Datenschutz<\/a>.<\/p>\n","protected":false},"excerpt":{"rendered":"<p>Ein Harz f\u00fcr MTB Jan Marc Zander Auf dem Berge 8 37136 Waake phone: 05507-979161 mobil: 0176-965 818 91 mail: info(at)trailtech.de www.trailtech.de www.ridethemountain.de www.einharzfuermtb.de USt-IdNr: DE246177148 THEME\u00a0DESIGN: SOLO PINE,\u00a0solopine.com UMSETZUNG &amp; ANPASSUNG: Sven Frank FOTOS: Paul Masukowitz\u00a0&#8211; paul-masukowitz.de Jan Zander, Trailtech Mountainbiking HAFTUNGSHINWEIS: Trotz sorgf\u00e4ltiger Kontrolle \u00fcbernehmen wir keine Haftung f\u00fcr die Inhalte externer Links. F\u00fcr den Inhalt der verlinkten Seiten sind ausschlie\u00dflich deren Betreiber verantwortlich! WEITERE INFORMATIONEN: Hier finden Sie weitere Informationen zu unserem Datenschutz.<\/p>\n","protected":false},"author":1,"featured_media":0,"parent":0,"menu_order":0,"comment_status":"closed","ping_status":"closed","template":"","meta":{"spay_email":""},"jetpack_sharing_enabled":true,"jetpack_shortlink":"https:\/\/wp.me\/P5GeNT-B","_links":{"self":[{"href":"https:\/\/einharzfuermtb.de\/index.php?rest_route=\/wp\/v2\/pages\/37"}],"collection":[{"href":"https:\/\/einharzfuermtb.de\/index.php?rest_route=\/wp\/v2\/pages"}],"about":[{"href":"https:\/\/einharzfuermtb.de\/index.php?rest_route=\/wp\/v2\/types\/page"}],"author":[{"embeddable":true,"href":"https:\/\/einharzfuermtb.de\/index.php?rest_route=\/wp\/v2\/users\/1"}],"replies":[{"embeddable":true,"href":"https:\/\/einharzfuermtb.de\/index.php?rest_route=%2Fwp%2Fv2%2Fcomments&post=37"}],"version-history":[{"count":11,"href":"https:\/\/einharzfuermtb.de\/index.php?rest_route=\/wp\/v2\/pages\/37\/revisions"}],"predecessor-version":[{"id":300,"href":"https:\/\/einharzfuermtb.de\/index.php?rest_route=\/wp\/v2\/pages\/37\/revisions\/300"}],"wp:attachment":[{"href":"https:\/\/einharzfuermtb.de\/index.php?rest_route=%2Fwp%2Fv2%2Fmedia&parent=37"}],"curies":[{"name":"wp","href":"https:\/\/api.w.org\/{rel}","templated":true}]}}